{"id":1460,"date":"2021-12-06T14:56:38","date_gmt":"2021-12-06T13:56:38","guid":{"rendered":"https:\/\/mjcmontchat.org\/2122\/?page_id=1460"},"modified":"2025-10-30T15:49:16","modified_gmt":"2025-10-30T14:49:16","slug":"les-equipes","status":"publish","type":"page","link":"https:\/\/www.mjcmontchat.org\/2122\/les-equipes\/","title":{"rendered":"Les \u00e9quipes"},"content":{"rendered":"\t\t<div data-elementor-type=\"wp-page\" data-elementor-id=\"1460\" data-post-id=\"1460\" data-obj-id=\"1460\" class=\"elementor elementor-1460 dce-elementor-post-1460\">\n\t\t\t\t\t\t<div class=\"elementor-inner\">\n\t\t\t\t<div class=\"elementor-section-wrap\">\n\t\t\t\t\t\t\t\t\t<section class=\"elementor-section elementor-top-section elementor-element elementor-element-1299d82 elementor-section-boxed elementor-section-height-default elementor-section-height-default\" data-id=\"1299d82\" data-element_type=\"section\" data-settings=\"{&quot;background_background&quot;:&quot;classic&quot;}\">\n\t\t\t\t\t\t<div class=\"elementor-container elementor-column-gap-default\">\n\t\t\t\t\t\t\t<div class=\"elementor-row\">\n\t\t\t\t\t<div class=\"elementor-column elementor-col-100 elementor-top-column elementor-element elementor-element-8fb9a01\" data-id=\"8fb9a01\" data-element_type=\"column\">\n\t\t\t<div class=\"elementor-column-wrap elementor-element-populated\">\n\t\t\t\t\t\t\t<div class=\"elementor-widget-wrap\">\n\t\t\t\t\t\t<section class=\"elementor-section elementor-inner-section elementor-element elementor-element-69d767d elementor-section-boxed elementor-section-height-default elementor-section-height-default\" data-id=\"69d767d\" data-element_type=\"section\">\n\t\t\t\t\t\t<div class=\"elementor-container elementor-column-gap-default\">\n\t\t\t\t\t\t\t<div class=\"elementor-row\">\n\t\t\t\t\t<div class=\"elementor-column elementor-col-100 elementor-inner-column elementor-element elementor-element-e10e191\" data-id=\"e10e191\" data-element_type=\"column\">\n\t\t\t<div class=\"elementor-column-wrap elementor-element-populated\">\n\t\t\t\t\t\t\t<div class=\"elementor-widget-wrap\">\n\t\t\t\t\t\t<div class=\"elementor-element elementor-element-37c4e54 elementor-widget elementor-widget-heading\" data-id=\"37c4e54\" data-element_type=\"widget\" data-widget_type=\"heading.default\">\n\t\t\t\t<div class=\"elementor-widget-container\">\n\t\t\t<h2 class=\"elementor-heading-title elementor-size-default\">Les Equipes<\/h2>\t\t<\/div>\n\t\t\t\t<\/div>\n\t\t\t\t<div class=\"elementor-element elementor-element-7348e9b elementor-widget elementor-widget-text-editor\" data-id=\"7348e9b\" data-element_type=\"widget\" data-widget_type=\"text-editor.default\">\n\t\t\t\t<div class=\"elementor-widget-container\">\n\t\t\t\t\t\t\t\t<div class=\"elementor-text-editor elementor-clearfix\">\n\t\t\t\t<p><strong>Notre association est g\u00e9r\u00e9e de mani\u00e8re collective par l\u2019\u00e9quipe de b\u00e9n\u00e9voles du Conseil d\u2019administration et l\u2019\u00e9quipe de salari\u00e9s.<\/strong><\/p><p>\u00a0<\/p>\t\t\t\t\t<\/div>\n\t\t\t\t\t\t<\/div>\n\t\t\t\t<\/div>\n\t\t\t\t\t\t<\/div>\n\t\t\t\t\t<\/div>\n\t\t<\/div>\n\t\t\t\t\t\t\t\t<\/div>\n\t\t\t\t\t<\/div>\n\t\t<\/section>\n\t\t\t\t\t\t<\/div>\n\t\t\t\t\t<\/div>\n\t\t<\/div>\n\t\t\t\t\t\t\t\t<\/div>\n\t\t\t\t\t<\/div>\n\t\t<\/section>\n\t\t\t\t<section class=\"elementor-section elementor-top-section elementor-element elementor-element-f5c6e17 elementor-section-boxed elementor-section-height-default elementor-section-height-default\" data-id=\"f5c6e17\" data-element_type=\"section\" data-settings=\"{&quot;background_background&quot;:&quot;classic&quot;,&quot;shape_divider_top&quot;:&quot;triangle-asymmetrical&quot;}\">\n\t\t\t\t\t<div class=\"elementor-shape elementor-shape-top\" data-negative=\"false\">\n\t\t\t<svg xmlns=\"http:\/\/www.w3.org\/2000\/svg\" viewBox=\"0 0 1000 100\" preserveAspectRatio=\"none\">\n\t<path class=\"elementor-shape-fill\" d=\"M738,99l262-93V0H0v5.6L738,99z\"\/>\n<\/svg>\t\t<\/div>\n\t\t\t\t\t<div class=\"elementor-container elementor-column-gap-default\">\n\t\t\t\t\t\t\t<div class=\"elementor-row\">\n\t\t\t\t\t<div class=\"elementor-column elementor-col-100 elementor-top-column elementor-element elementor-element-34d3fff\" data-id=\"34d3fff\" data-element_type=\"column\">\n\t\t\t<div class=\"elementor-column-wrap elementor-element-populated\">\n\t\t\t\t\t\t\t<div class=\"elementor-widget-wrap\">\n\t\t\t\t\t\t<section class=\"elementor-section elementor-inner-section elementor-element elementor-element-c311153 elementor-section-boxed elementor-section-height-default elementor-section-height-default\" data-id=\"c311153\" data-element_type=\"section\">\n\t\t\t\t\t\t<div class=\"elementor-container elementor-column-gap-default\">\n\t\t\t\t\t\t\t<div class=\"elementor-row\">\n\t\t\t\t\t<div class=\"elementor-column elementor-col-50 elementor-inner-column elementor-element elementor-element-2b55767\" data-id=\"2b55767\" data-element_type=\"column\">\n\t\t\t<div class=\"elementor-column-wrap elementor-element-populated\">\n\t\t\t\t\t\t\t<div class=\"elementor-widget-wrap\">\n\t\t\t\t\t\t<div class=\"elementor-element elementor-element-48f4d16 elementor-widget elementor-widget-heading\" data-id=\"48f4d16\" data-element_type=\"widget\" data-widget_type=\"heading.default\">\n\t\t\t\t<div class=\"elementor-widget-container\">\n\t\t\t<h3 class=\"elementor-heading-title elementor-size-default\">CONSEIL\nD'ADMINISTRATION<\/h3>\t\t<\/div>\n\t\t\t\t<\/div>\n\t\t\t\t<div class=\"elementor-element elementor-element-a59b156 elementor-widget-divider--separator-type-pattern elementor-widget-divider--view-line elementor-widget elementor-widget-divider\" data-id=\"a59b156\" data-element_type=\"widget\" data-widget_type=\"divider.default\">\n\t\t\t\t<div class=\"elementor-widget-container\">\n\t\t\t\t\t<div class=\"elementor-divider\" style=\"--divider-pattern-url: url(&quot;data:image\/svg+xml,%3Csvg xmlns=&#039;http:\/\/www.w3.org\/2000\/svg&#039; preserveAspectRatio=&#039;none&#039; overflow=&#039;visible&#039; height=&#039;100%&#039; viewBox=&#039;0 0 20 16&#039; fill=&#039;none&#039; stroke=&#039;black&#039; stroke-width=&#039;1&#039; stroke-linecap=&#039;square&#039; stroke-miterlimit=&#039;10&#039;%3E%3Cg transform=&#039;translate(-12.000000, 0)&#039;%3E%3Cpath d=&#039;M28,0L10,18&#039;\/%3E%3Cpath d=&#039;M18,0L0,18&#039;\/%3E%3Cpath d=&#039;M48,0L30,18&#039;\/%3E%3Cpath d=&#039;M38,0L20,18&#039;\/%3E%3C\/g%3E%3C\/svg%3E&quot;);\">\n\t\t\t<span class=\"elementor-divider-separator\">\n\t\t\t\t\t\t<\/span>\n\t\t<\/div>\n\t\t\t\t<\/div>\n\t\t\t\t<\/div>\n\t\t\t\t\t\t<\/div>\n\t\t\t\t\t<\/div>\n\t\t<\/div>\n\t\t\t\t<div class=\"elementor-column elementor-col-50 elementor-inner-column elementor-element elementor-element-2d18224\" data-id=\"2d18224\" data-element_type=\"column\">\n\t\t\t<div class=\"elementor-column-wrap elementor-element-populated\">\n\t\t\t\t\t\t\t<div class=\"elementor-widget-wrap\">\n\t\t\t\t\t\t<div class=\"elementor-element elementor-element-5a5cb02 elementor-widget elementor-widget-text-editor\" data-id=\"5a5cb02\" data-element_type=\"widget\" data-widget_type=\"text-editor.default\">\n\t\t\t\t<div class=\"elementor-widget-container\">\n\t\t\t\t\t\t\t\t<div class=\"elementor-text-editor elementor-clearfix\">\n\t\t\t\t<p><strong>Le Conseil d\u2019administration (CA) est l&#8217;organe dirigeant de l&#8217;association. Il est compos\u00e9 de 21 membres \u00e9lus pour trois ans et d&#8217;un membre d\u2019honneur. Il est renouvel\u00e9 par tiers tous les ans lors de l&#8217;Assembl\u00e9e G\u00e9n\u00e9rale, qui a g\u00e9n\u00e9ralement lieu au mois de mai. Les membres d\u00e9signent en leur sein les membres du bureau qui pr\u00e9pare les travaux du Conseil d&#8217;administration et et veille \u00e0 l&#8217;ex\u00e9cution des ses d\u00e9cisions.<\/strong><\/p>\n<p><\/p>\t\t\t\t\t<\/div>\n\t\t\t\t\t\t<\/div>\n\t\t\t\t<\/div>\n\t\t\t\t\t\t<\/div>\n\t\t\t\t\t<\/div>\n\t\t<\/div>\n\t\t\t\t\t\t\t\t<\/div>\n\t\t\t\t\t<\/div>\n\t\t<\/section>\n\t\t\t\t<section class=\"elementor-section elementor-inner-section elementor-element elementor-element-97074cb elementor-section-boxed elementor-section-height-default elementor-section-height-default\" data-id=\"97074cb\" data-element_type=\"section\">\n\t\t\t\t\t\t<div class=\"elementor-container elementor-column-gap-default\">\n\t\t\t\t\t\t\t<div class=\"elementor-row\">\n\t\t\t\t\t<div class=\"elementor-column elementor-col-33 elementor-inner-column elementor-element elementor-element-cb1d573\" data-id=\"cb1d573\" data-element_type=\"column\">\n\t\t\t<div class=\"elementor-column-wrap\">\n\t\t\t\t\t\t\t<div class=\"elementor-widget-wrap\">\n\t\t\t\t\t\t\t\t<\/div>\n\t\t\t\t\t<\/div>\n\t\t<\/div>\n\t\t\t\t<div class=\"elementor-column elementor-col-33 elementor-inner-column elementor-element elementor-element-29fb230\" data-id=\"29fb230\" data-element_type=\"column\">\n\t\t\t<div class=\"elementor-column-wrap elementor-element-populated\">\n\t\t\t\t\t\t\t<div class=\"elementor-widget-wrap\">\n\t\t\t\t\t\t<div class=\"elementor-element elementor-element-7f19f97 elementor-widget elementor-widget-text-editor\" data-id=\"7f19f97\" data-element_type=\"widget\" data-widget_type=\"text-editor.default\">\n\t\t\t\t<div class=\"elementor-widget-container\">\n\t\t\t\t\t\t\t\t<div class=\"elementor-text-editor elementor-clearfix\">\n\t\t\t\t<p><strong>BUREAU<\/strong><\/p><ul><li><span style=\"color: var( --e-global-color-secondary ); background-color: var( --e-global-color-b8b7d90 ); font-size: 1em;\">VOUTAY Ninon, pr\u00e9sidente,<\/span><\/li><li><span style=\"background-color: var( --e-global-color-b8b7d90 ); font-size: 1em; color: var( --e-global-color-secondary );\">GIRARDOT Fr\u00e9d\u00e9rique,\u00a0<\/span><span style=\"background-color: var( --e-global-color-b8b7d90 ); font-size: 1em; color: var( --e-global-color-secondary );\">Vice-pr\u00e9sidente<\/span><\/li><li><span style=\"color: #333333; background-color: var( --e-global-color-b8b7d90 ); font-size: 1em;\">DELARUE Jocelyne, Tr\u00e9sori\u00e8re<\/span><\/li><li><span style=\"background-color: var( --e-global-color-b8b7d90 ); color: var( --e-global-color-secondary ); font-size: 1em;\">LACROIX Evelyne, Secr\u00e9taire<\/span><\/li><\/ul>\t\t\t\t\t<\/div>\n\t\t\t\t\t\t<\/div>\n\t\t\t\t<\/div>\n\t\t\t\t\t\t<\/div>\n\t\t\t\t\t<\/div>\n\t\t<\/div>\n\t\t\t\t<div class=\"elementor-column elementor-col-33 elementor-inner-column elementor-element elementor-element-5ee2c72\" data-id=\"5ee2c72\" data-element_type=\"column\">\n\t\t\t<div class=\"elementor-column-wrap elementor-element-populated\">\n\t\t\t\t\t\t\t<div class=\"elementor-widget-wrap\">\n\t\t\t\t\t\t<div class=\"elementor-element elementor-element-5ddea2a elementor-widget elementor-widget-text-editor\" data-id=\"5ddea2a\" data-element_type=\"widget\" data-widget_type=\"text-editor.default\">\n\t\t\t\t<div class=\"elementor-widget-container\">\n\t\t\t\t\t\t\t\t<div class=\"elementor-text-editor elementor-clearfix\">\n\t\t\t\t<p><strong>MEMBRES<br \/><\/strong><\/p><p>BARBIER Jean, BORRELLY Agn\u00e8s, DELARUE Jocelyne, FAUVET Paul, Paul FAYOLLE, FRANCIONI Sophie, <span style=\"background-color: var( --e-global-color-b8b7d90 ); font-size: 1em;\">GIRARDOT Fr\u00e9d\u00e9rique,\u00a0<\/span><span style=\"background-color: var( --e-global-color-b8b7d90 ); font-size: 1em;\">INSUA Annabel, JOUBERT Annette, <\/span><span style=\"color: #54595f; background-color: var( --e-global-color-b8b7d90 ); font-size: 1em;\">LACROIX Evelyne,\u00a0<\/span><span style=\"background-color: var( --e-global-color-b8b7d90 );\"><span style=\"color: #54595f;\">LECLERC Marion,<\/span><\/span><span style=\"background-color: var( --e-global-color-b8b7d90 );\"><span style=\"font-size: 1em;\">\u00a0<\/span>MALAGOLA Jean Pierre<span style=\"font-size: 1em;\">, RILLIOT Jacques, SABATIER Jacques, SCHICKLIN St\u00e9phane, VOUTAY Ninon, PROST Aim\u00e9, membre d\u2019honneur, RECAMIER Philom\u00e8ne, repr\u00e9sentant la ville de Lyon<\/span><\/span><\/p><p><strong>COLLEGE ASSOCIATIF<br \/><\/strong>Association BISTROT A TISSER (Cyril BELLOT)<br \/><span style=\"background-color: var( --e-global-color-b8b7d90 );\"><span style=\"font-size: 1em;\">LEMAHIEU Mireille (Association AREVAL)<\/span><\/span><\/p><p><strong>\u00a0<\/strong><\/p>\t\t\t\t\t<\/div>\n\t\t\t\t\t\t<\/div>\n\t\t\t\t<\/div>\n\t\t\t\t\t\t<\/div>\n\t\t\t\t\t<\/div>\n\t\t<\/div>\n\t\t\t\t\t\t\t\t<\/div>\n\t\t\t\t\t<\/div>\n\t\t<\/section>\n\t\t\t\t\t\t<\/div>\n\t\t\t\t\t<\/div>\n\t\t<\/div>\n\t\t\t\t\t\t\t\t<\/div>\n\t\t\t\t\t<\/div>\n\t\t<\/section>\n\t\t\t\t<section class=\"elementor-section elementor-top-section elementor-element elementor-element-60e0dd9 elementor-section-boxed elementor-section-height-default elementor-section-height-default\" data-id=\"60e0dd9\" data-element_type=\"section\" data-settings=\"{&quot;background_background&quot;:&quot;classic&quot;}\">\n\t\t\t\t\t\t<div class=\"elementor-container elementor-column-gap-default\">\n\t\t\t\t\t\t\t<div class=\"elementor-row\">\n\t\t\t\t\t<div class=\"elementor-column elementor-col-100 elementor-top-column elementor-element elementor-element-8ee9263\" data-id=\"8ee9263\" data-element_type=\"column\" data-settings=\"{&quot;background_background&quot;:&quot;classic&quot;}\">\n\t\t\t<div class=\"elementor-column-wrap elementor-element-populated\">\n\t\t\t\t\t\t\t<div class=\"elementor-widget-wrap\">\n\t\t\t\t\t\t<section class=\"elementor-section elementor-inner-section elementor-element elementor-element-d8b0eb7 elementor-section-boxed elementor-section-height-default elementor-section-height-default\" data-id=\"d8b0eb7\" data-element_type=\"section\">\n\t\t\t\t\t\t<div class=\"elementor-container elementor-column-gap-default\">\n\t\t\t\t\t\t\t<div class=\"elementor-row\">\n\t\t\t\t\t<div class=\"elementor-column elementor-col-33 elementor-inner-column elementor-element elementor-element-6435e31\" data-id=\"6435e31\" data-element_type=\"column\">\n\t\t\t<div class=\"elementor-column-wrap elementor-element-populated\">\n\t\t\t\t\t\t\t<div class=\"elementor-widget-wrap\">\n\t\t\t\t\t\t<div class=\"elementor-element elementor-element-fdf8b97 elementor-widget elementor-widget-heading\" data-id=\"fdf8b97\" data-element_type=\"widget\" data-widget_type=\"heading.default\">\n\t\t\t\t<div class=\"elementor-widget-container\">\n\t\t\t<h3 class=\"elementor-heading-title elementor-size-default\">\u00e9quipe salari\u00e9E<\/h3>\t\t<\/div>\n\t\t\t\t<\/div>\n\t\t\t\t<div class=\"elementor-element elementor-element-1c0acd3 elementor-widget-divider--separator-type-pattern elementor-widget-divider--view-line elementor-widget elementor-widget-divider\" data-id=\"1c0acd3\" data-element_type=\"widget\" data-widget_type=\"divider.default\">\n\t\t\t\t<div class=\"elementor-widget-container\">\n\t\t\t\t\t<div class=\"elementor-divider\" style=\"--divider-pattern-url: url(&quot;data:image\/svg+xml,%3Csvg xmlns=&#039;http:\/\/www.w3.org\/2000\/svg&#039; preserveAspectRatio=&#039;none&#039; overflow=&#039;visible&#039; height=&#039;100%&#039; viewBox=&#039;0 0 20 16&#039; fill=&#039;none&#039; stroke=&#039;black&#039; stroke-width=&#039;1&#039; stroke-linecap=&#039;square&#039; stroke-miterlimit=&#039;10&#039;%3E%3Cg transform=&#039;translate(-12.000000, 0)&#039;%3E%3Cpath d=&#039;M28,0L10,18&#039;\/%3E%3Cpath d=&#039;M18,0L0,18&#039;\/%3E%3Cpath d=&#039;M48,0L30,18&#039;\/%3E%3Cpath d=&#039;M38,0L20,18&#039;\/%3E%3C\/g%3E%3C\/svg%3E&quot;);\">\n\t\t\t<span class=\"elementor-divider-separator\">\n\t\t\t\t\t\t<\/span>\n\t\t<\/div>\n\t\t\t\t<\/div>\n\t\t\t\t<\/div>\n\t\t\t\t\t\t<\/div>\n\t\t\t\t\t<\/div>\n\t\t<\/div>\n\t\t\t\t<div class=\"elementor-column elementor-col-33 elementor-inner-column elementor-element elementor-element-8c31930\" data-id=\"8c31930\" data-element_type=\"column\">\n\t\t\t<div class=\"elementor-column-wrap elementor-element-populated\">\n\t\t\t\t\t\t\t<div class=\"elementor-widget-wrap\">\n\t\t\t\t\t\t<div class=\"elementor-element elementor-element-802c5c2 elementor-widget elementor-widget-text-editor\" data-id=\"802c5c2\" data-element_type=\"widget\" data-widget_type=\"text-editor.default\">\n\t\t\t\t<div class=\"elementor-widget-container\">\n\t\t\t\t\t\t\t\t<div class=\"elementor-text-editor elementor-clearfix\">\n\t\t\t\t<p><span style=\"font-weight: bold;\">DIRECTION<\/span><br \/>Myriam EHRHARDT &#8211; Directrice<br \/>Goulwen SCHILTZ &#8211; Directeur adjoint<\/p><p><span style=\"font-weight: bold;\">P\u00d4LE FINANCIER \/ RESSOURCES HUMAINES<\/span><br \/>Bettina LEON &#8211; Responsable des ressources humaines<br \/>Morgane DE GASPERIS &#8211; Responsable administrative et financi\u00e8re<\/p><p><span style=\"font-weight: bolder;\">ACCUEIL \/ ADMINISTRATION<br \/><\/span><span style=\"background-color: var( --e-global-color-b8b7d90 ); font-size: 1em;\">Sylvie BOHBOT &#8211; Agent d&#8217;accueil<br \/><\/span><span style=\"background-color: var( --e-global-color-b8b7d90 ); font-size: 1em;\">Salima DERAMCHI\u00a0<\/span><span style=\"background-color: var( --e-global-color-b8b7d90 ); font-size: 1em;\">&#8211; Agent d&#8217;accueil<br \/><\/span><span style=\"font-weight: bolder; background-color: var( --e-global-color-b8b7d90 ); font-size: 1em;\"><br \/>ENTRETIEN, B\u00c2TIMENT, SECURITE<br \/><\/span><span style=\"background-color: var( --e-global-color-b8b7d90 ); font-size: 1em;\">Saadia LARAGOUBA &#8211; Agent d&#8217;entretien<br \/><\/span><span style=\"background-color: var( --e-global-color-b8b7d90 ); font-size: 1em;\">A\u00efcha HIOUAS &#8211; Agent d&#8217;entretien<br \/><\/span><span style=\"background-color: var( --e-global-color-b8b7d90 ); font-size: 1em;\">Roland GONIN &#8211; Gardien<\/span><\/p><p><span style=\"font-weight: bolder;\">COMMUNICATION<br \/><\/span>Anne-C\u00e9cile CUENAT<\/p><p><b>P\u00d4LE ACTIVITES &amp; ANIMATION<\/b><br \/>M\u00e9lanie CHAPPUIS &#8211; Responsable du p\u00f4le<br \/>Willy ALTHEY &#8211; Coordinateur<br \/>Antoine REGNIER &#8211; Animateur jeu, responsable de la Ludoth\u00e8que<br \/>et une \u00e9quipe de 20 animateurs techniciens d&#8217;activit\u00e9<\/p>\t\t\t\t\t<\/div>\n\t\t\t\t\t\t<\/div>\n\t\t\t\t<\/div>\n\t\t\t\t\t\t<\/div>\n\t\t\t\t\t<\/div>\n\t\t<\/div>\n\t\t\t\t<div class=\"elementor-column elementor-col-33 elementor-inner-column elementor-element elementor-element-fd2640b\" data-id=\"fd2640b\" data-element_type=\"column\">\n\t\t\t<div class=\"elementor-column-wrap elementor-element-populated\">\n\t\t\t\t\t\t\t<div class=\"elementor-widget-wrap\">\n\t\t\t\t\t\t<div class=\"elementor-element elementor-element-1a07ee1 elementor-widget elementor-widget-text-editor\" data-id=\"1a07ee1\" data-element_type=\"widget\" data-widget_type=\"text-editor.default\">\n\t\t\t\t<div class=\"elementor-widget-container\">\n\t\t\t\t\t\t\t\t<div class=\"elementor-text-editor elementor-clearfix\">\n\t\t\t\t<p><span style=\"font-weight: bold;\">P\u00d4LE CULTURE<br \/><\/span>Goulwen SCHILTZ &#8211; Responsable du p\u00f4le<br \/>Marianne POLLASTRO &#8211; Animatrice socioculturelle<\/p><p><span style=\"background-color: var( --e-global-color-b8b7d90 ); font-size: 1em;\"><b>P\u00d4LE ENFANCE JEUNESSE FAMILLE<br \/><\/b><\/span><span style=\"background-color: var( --e-global-color-b8b7d90 ); font-size: 1em;\">Prune VERDIER &#8211; Responsable du p\u00f4le<\/span><\/p><p><span style=\"font-size: 0.8em;\"><b>ESPACE JEUNES<\/b><\/span><span style=\"font-size: 12.8px;\"><b><br \/><\/b><\/span><span style=\"background-color: var( --e-global-color-b8b7d90 ); font-size: 1em;\">David GUILLEMAUD &#8211; Responsable du secteur jeune<br \/><\/span><span style=\"background-color: var( --e-global-color-b8b7d90 ); font-size: 1em;\">Adrien RIFFLART &#8211; Animateur jeunesse<br \/>Renaud MALLET &#8211; Animateur Ateliers du Possible<\/span><\/p><p><span style=\"font-weight: bold; font-size: 12.8px;\">PERISCOLAIRE<br \/><\/span>Albane GUBIEN &#8211; coordinatrice des ACM P\u00e9riscolaire<br \/>Richard TAKVORIAN &#8211; Directeur ALAE A. France \u00c9l\u00e9mentaire<br \/><span style=\"background-color: var( --e-global-color-b8b7d90 ); font-size: 1em;\">Louis STUCKENS &#8211; Directeur ALAE A. France Maternelle<br \/><\/span><span style=\"background-color: var( --e-global-color-b8b7d90 ); font-size: 1em;\">Julie VANDEVELDE &#8211;\u00a0Directrice ALAE Condorcet \u00c9l\u00e9mentaire<br \/><\/span><span style=\"background-color: var( --e-global-color-b8b7d90 ); font-size: 1em;\">Rapha\u00ebl &#8211; Directeur ALAE Viala\u00a0<br \/><\/span><span style=\"background-color: var( --e-global-color-b8b7d90 ); font-size: 1em;\">Ga\u00e9tan GRANTURCO &#8211; Directeur ALAE Louise<br \/><\/span><span style=\"background-color: var( --e-global-color-b8b7d90 ); font-size: 1em;\">et leurs \u00e9quipes de 40 animateurs<\/span><\/p><p><span style=\"font-weight: bold; font-size: 12.8px;\">ACCUEIL DE LOISIRS EXTRA-SCOLAIRE<\/span><span style=\"font-weight: bold;\"><br \/><\/span>Jean DELCOURT &#8211; Directeur<\/p>\t\t\t\t\t<\/div>\n\t\t\t\t\t\t<\/div>\n\t\t\t\t<\/div>\n\t\t\t\t\t\t<\/div>\n\t\t\t\t\t<\/div>\n\t\t<\/div>\n\t\t\t\t\t\t\t\t<\/div>\n\t\t\t\t\t<\/div>\n\t\t<\/section>\n\t\t\t\t<section class=\"elementor-section elementor-inner-section elementor-element elementor-element-3a5dfda elementor-section-boxed elementor-section-height-default elementor-section-height-default\" data-id=\"3a5dfda\" data-element_type=\"section\">\n\t\t\t\t\t\t<div class=\"elementor-container elementor-column-gap-default\">\n\t\t\t\t\t\t\t<div class=\"elementor-row\">\n\t\t\t\t\t<div class=\"elementor-column elementor-col-50 elementor-inner-column elementor-element elementor-element-7a6ac19\" data-id=\"7a6ac19\" data-element_type=\"column\">\n\t\t\t<div class=\"elementor-column-wrap\">\n\t\t\t\t\t\t\t<div class=\"elementor-widget-wrap\">\n\t\t\t\t\t\t\t\t<\/div>\n\t\t\t\t\t<\/div>\n\t\t<\/div>\n\t\t\t\t<div class=\"elementor-column elementor-col-50 elementor-inner-column elementor-element elementor-element-8868a2d\" data-id=\"8868a2d\" data-element_type=\"column\">\n\t\t\t<div class=\"elementor-column-wrap\">\n\t\t\t\t\t\t\t<div class=\"elementor-widget-wrap\">\n\t\t\t\t\t\t\t\t<\/div>\n\t\t\t\t\t<\/div>\n\t\t<\/div>\n\t\t\t\t\t\t\t\t<\/div>\n\t\t\t\t\t<\/div>\n\t\t<\/section>\n\t\t\t\t\t\t<\/div>\n\t\t\t\t\t<\/div>\n\t\t<\/div>\n\t\t\t\t\t\t\t\t<\/div>\n\t\t\t\t\t<\/div>\n\t\t<\/section>\n\t\t\t\t\t\t\t\t\t<\/div>\n\t\t\t<\/div>\n\t\t\t\t\t<\/div>\n\t\t","protected":false},"excerpt":{"rendered":"<p>Les Equipes Notre association est g\u00e9r\u00e9e de mani\u00e8re collective par l\u2019\u00e9quipe de b\u00e9n\u00e9voles du Conseil d\u2019administration et l\u2019\u00e9quipe de salari\u00e9s. \u00a0 CONSEIL D&#8217;ADMINISTRATION Le Conseil d\u2019administration (CA) est l&#8217;organe dirigeant de l&#8217;association. Il est compos\u00e9 de 21 membres \u00e9lus pour trois ans et d&#8217;un membre d\u2019honneur. Il est renouvel\u00e9 par tiers tous les ans lors [&hellip;]<\/p>\n","protected":false},"author":1,"featured_media":0,"parent":0,"menu_order":0,"comment_status":"closed","ping_status":"closed","template":"","meta":{"footnotes":""},"class_list":["post-1460","page","type-page","status-publish","hentry"],"acf":[],"_links":{"self":[{"href":"https:\/\/www.mjcmontchat.org\/2122\/wp-json\/wp\/v2\/pages\/1460","targetHints":{"allow":["GET"]}}],"collection":[{"href":"https:\/\/www.mjcmontchat.org\/2122\/wp-json\/wp\/v2\/pages"}],"about":[{"href":"https:\/\/www.mjcmontchat.org\/2122\/wp-json\/wp\/v2\/types\/page"}],"author":[{"embeddable":true,"href":"https:\/\/www.mjcmontchat.org\/2122\/wp-json\/wp\/v2\/users\/1"}],"replies":[{"embeddable":true,"href":"https:\/\/www.mjcmontchat.org\/2122\/wp-json\/wp\/v2\/comments?post=1460"}],"version-history":[{"count":86,"href":"https:\/\/www.mjcmontchat.org\/2122\/wp-json\/wp\/v2\/pages\/1460\/revisions"}],"predecessor-version":[{"id":5342,"href":"https:\/\/www.mjcmontchat.org\/2122\/wp-json\/wp\/v2\/pages\/1460\/revisions\/5342"}],"wp:attachment":[{"href":"https:\/\/www.mjcmontchat.org\/2122\/wp-json\/wp\/v2\/media?parent=1460"}],"curies":[{"name":"wp","href":"https:\/\/api.w.org\/{rel}","templated":true}]}}