{"id":3810,"date":"2023-07-10T12:01:28","date_gmt":"2023-07-10T10:01:28","guid":{"rendered":"https:\/\/www.mjcmontchat.org\/2122\/?page_id=3810"},"modified":"2023-07-18T15:26:21","modified_gmt":"2023-07-18T13:26:21","slug":"recrutements","status":"publish","type":"page","link":"https:\/\/www.mjcmontchat.org\/2122\/recrutements\/","title":{"rendered":"Recrutements"},"content":{"rendered":"\n<p>\u2022 <strong>2 Directeur\/trices d\u2019Accueil Collectif de Mineurs p\u00e9riscolaire en CDII <br><\/strong>Entr\u00e9e en fonction le 21 ao\u00fbt 2023<br>CV + LM \u00e0 faire parvenir par mail au plus vite \u00e0 Mme Prune VERDIER, responsable de secteur :  prune@mjcmontchat.org<\/p>\n\n\n\n<p><a href=\"https:\/\/www.mjcmontchat.org\/2122\/wp-content\/uploads\/2023\/07\/annonce-direction-periscolaire-2023-ok.pdf\">T\u00e9l\u00e9charger l&#8217;annonce<\/a><\/p>\n\n\n\n<p><strong>\u2022 Un.e. animateur.trice-coordinateur.trice des Accueils Collectifs de Mineurs p\u00e9riscolaires en CDI \u00e0 plein temps<\/strong><br>Entr\u00e9e en fonction le 21 ao\u00fbt 2023<br>CV + LM \u00e0 faire parvenir par mail au plus vite \u00e0 Mme Prune VERDIER, responsable de secteur :<br>prune@mjcmontchat.org<\/p>\n\n\n\n<p><a href=\"https:\/\/www.mjcmontchat.org\/2122\/wp-content\/uploads\/2023\/07\/offre-demploi-animateur-coordinateur-ACM-periscolaire-MJC-Montchat.pdf\">T\u00e9l\u00e9charger l&#8217;annonce<\/a> <\/p>\n\n\n\n<p><strong>\u2022 Un.e charg\u00e9.e de communication (CDI 24h hebdo)<\/strong><br>Poste \u00e0 pourvoir au 1er septembre 2023.<br>Candidatures \u00e0 adresser par mail avant le 13 juillet 2023, \u00e0 l\u2019intention de Monsieur Goulwen SCHILTZ :<br>goulwen@mjcmontchat.org<\/p>\n\n\n\n<p><a href=\"https:\/\/www.mjcmontchat.org\/2122\/wp-content\/uploads\/2023\/07\/offre-demploi-CDI-charge.e-de-com-MJC-Montchat.docx.pdf\">T\u00e9l\u00e9charger l&#8217;annonce<\/a><\/p>\n\n\n\n<p>\u2022 <strong>Un Animateur (H\/F) Technicien d\u2019Activit\u00e9 en CDI<\/strong> <strong>pour l\u2019activit\u00e9&nbsp;:<\/strong> <strong>D\u00c9COUVERTE NATURE<\/strong> <strong>7-10 ans<\/strong><br>Entr\u00e9e en fonction : septembre 2023<br>CV + LM \u00e0 \u00e0 Marie-Camille CAROCA, coordinatrice du secteur activit\u00e9s<br>mariecamile@mjcmontchat.org<\/p>\n\n\n\n<p><a href=\"https:\/\/www.mjcmontchat.org\/2122\/wp-content\/uploads\/2023\/07\/Offre-ATA-2023_ANIM-NATURE-002.pdf\">T\u00e9l\u00e9charger l&#8217;annonce<\/a><\/p>\n\n\n\n<p><strong>\u2022 Un Animateur.trice Technicien d\u2019Activit\u00e9 (A.T.A) en CDI pour l\u2019activit\u00e9 : Escalade enfants et adultes<br><\/strong>Entr\u00e9e en fonction : septembre 2023<br>CV + LM \u00e0 \u00e0 Marie-Camille CAROCA, coordinatrice du secteur activit\u00e9s<br>mariecamile@mjcmontchat.org<\/p>\n\n\n\n<p><a href=\"https:\/\/www.mjcmontchat.org\/2122\/wp-content\/uploads\/2023\/07\/Offre-ATA_Montchat-2023-ESCALADES-enf-adultes.pdf\">T\u00e9l\u00e9charger l&#8217;annonce<\/a><\/p>\n\n\n\n<p><strong>\u2022 Un Animateur.trice Technicien d\u2019Activit\u00e9 (A.T.A) en CDI pour l\u2019activit\u00e9 : Eveil danse<br><\/strong>Entr\u00e9e en fonction : septembre 2023<br>CV + LM \u00e0 \u00e0 Marie-Camille CAROCA, coordinatrice du secteur activit\u00e9s<br>mariecamile@mjcmontchat.org<\/p>\n\n\n\n<p><a href=\"https:\/\/www.mjcmontchat.org\/2122\/wp-content\/uploads\/2023\/07\/Offre-ATA_Eveil-danse.pdf\">T\u00e9l\u00e9charger l&#8217;annonce<\/a><\/p>\n\n\n\n<p><br><\/p>\n","protected":false},"excerpt":{"rendered":"<p>\u2022 2 Directeur\/trices d\u2019Accueil Collectif de Mineurs p\u00e9riscolaire en CDII Entr\u00e9e en fonction le 21 ao\u00fbt 2023CV + LM \u00e0 faire parvenir par mail au plus vite \u00e0 Mme Prune VERDIER, responsable de secteur : prune@mjcmontchat.org T\u00e9l\u00e9charger l&#8217;annonce \u2022 Un.e. animateur.trice-coordinateur.trice des Accueils Collectifs de Mineurs p\u00e9riscolaires en CDI \u00e0 plein tempsEntr\u00e9e en fonction le [&hellip;]<\/p>\n","protected":false},"author":5,"featured_media":0,"parent":0,"menu_order":0,"comment_status":"closed","ping_status":"closed","template":"","meta":{"footnotes":""},"class_list":["post-3810","page","type-page","status-publish","hentry"],"acf":[],"_links":{"self":[{"href":"https:\/\/www.mjcmontchat.org\/2122\/wp-json\/wp\/v2\/pages\/3810","targetHints":{"allow":["GET"]}}],"collection":[{"href":"https:\/\/www.mjcmontchat.org\/2122\/wp-json\/wp\/v2\/pages"}],"about":[{"href":"https:\/\/www.mjcmontchat.org\/2122\/wp-json\/wp\/v2\/types\/page"}],"author":[{"embeddable":true,"href":"https:\/\/www.mjcmontchat.org\/2122\/wp-json\/wp\/v2\/users\/5"}],"replies":[{"embeddable":true,"href":"https:\/\/www.mjcmontchat.org\/2122\/wp-json\/wp\/v2\/comments?post=3810"}],"version-history":[{"count":3,"href":"https:\/\/www.mjcmontchat.org\/2122\/wp-json\/wp\/v2\/pages\/3810\/revisions"}],"predecessor-version":[{"id":3854,"href":"https:\/\/www.mjcmontchat.org\/2122\/wp-json\/wp\/v2\/pages\/3810\/revisions\/3854"}],"wp:attachment":[{"href":"https:\/\/www.mjcmontchat.org\/2122\/wp-json\/wp\/v2\/media?parent=3810"}],"curies":[{"name":"wp","href":"https:\/\/api.w.org\/{rel}","templated":true}]}}