{"id":5297,"date":"2025-10-22T11:56:10","date_gmt":"2025-10-22T09:56:10","guid":{"rendered":"https:\/\/www.mjcmontchat.org\/2122\/?page_id=5297"},"modified":"2025-11-13T10:25:57","modified_gmt":"2025-11-13T09:25:57","slug":"ecologie-et-solidarite","status":"publish","type":"page","link":"https:\/\/www.mjcmontchat.org\/2122\/ecologie-et-solidarite\/","title":{"rendered":"\u00c9cologie et solidarit\u00e9"},"content":{"rendered":"\t\t<div data-elementor-type=\"wp-page\" data-elementor-id=\"5297\" data-post-id=\"5297\" data-obj-id=\"5297\" class=\"elementor elementor-5297 dce-elementor-post-5297\">\n\t\t\t\t\t\t<div class=\"elementor-inner\">\n\t\t\t\t<div class=\"elementor-section-wrap\">\n\t\t\t\t\t\t\t\t\t<section data-dce-background-color=\"#FFFFFF\" class=\"elementor-section elementor-top-section elementor-element elementor-element-34569cf elementor-section-boxed elementor-section-height-default elementor-section-height-default\" data-id=\"34569cf\" data-element_type=\"section\" data-settings=\"{&quot;background_background&quot;:&quot;classic&quot;}\">\n\t\t\t\t\t\t<div class=\"elementor-container elementor-column-gap-default\">\n\t\t\t\t\t\t\t<div class=\"elementor-row\">\n\t\t\t\t\t<div class=\"elementor-column elementor-col-100 elementor-top-column elementor-element elementor-element-57fdeae\" data-id=\"57fdeae\" data-element_type=\"column\">\n\t\t\t<div class=\"elementor-column-wrap elementor-element-populated\">\n\t\t\t\t\t\t\t<div class=\"elementor-widget-wrap\">\n\t\t\t\t\t\t<div class=\"elementor-element elementor-element-dcab572 elementor-widget elementor-widget-text-editor\" data-id=\"dcab572\" data-element_type=\"widget\" data-widget_type=\"text-editor.default\">\n\t\t\t\t<div class=\"elementor-widget-container\">\n\t\t\t\t\t\t\t\t<div class=\"elementor-text-editor elementor-clearfix\">\n\t\t\t\t<h1>Une MJC \u00e9cologique et solidaire<\/h1>\t\t\t\t\t<\/div>\n\t\t\t\t\t\t<\/div>\n\t\t\t\t<\/div>\n\t\t\t\t<div class=\"elementor-element elementor-element-a8376b3 elementor-widget elementor-widget-text-editor\" data-id=\"a8376b3\" data-element_type=\"widget\" data-widget_type=\"text-editor.default\">\n\t\t\t\t<div class=\"elementor-widget-container\">\n\t\t\t\t\t\t\t\t<div class=\"elementor-text-editor elementor-clearfix\">\n\t\t\t\t<p>Suivant notre projet associatif, la MJC s\u2019engage pour :<br \/>\u2022 Permettre l\u2019engagement de chacun\u00b7e, individuellement et collectivement, vers une transition \u00e9cologique et solidaire, pour construire ensemble un avenir durable <br \/>\u2022 Tendre vers l\u2019exemplarit\u00e9 sociale et environnementale dans le fonctionnement de la MJC.<\/p>\t\t\t\t\t<\/div>\n\t\t\t\t\t\t<\/div>\n\t\t\t\t<\/div>\n\t\t\t\t<div class=\"elementor-element elementor-element-168bb3d elementor-widget elementor-widget-text-editor\" data-id=\"168bb3d\" data-element_type=\"widget\" data-widget_type=\"text-editor.default\">\n\t\t\t\t<div class=\"elementor-widget-container\">\n\t\t\t\t\t\t\t\t<div class=\"elementor-text-editor elementor-clearfix\">\n\t\t\t\t<p class=\"MsoNormal\"><b>Gratiferia \u00e9cologique et solidaire<br \/><\/b><strong>Mercredi 10 d\u00e9cembre<\/strong> &#8211; De 10h \u00e0 12h &amp; de 14h30 \u00e0 18h<br \/>Cr\u00e9er, r\u00e9parer, s\u2019amuser, r\u00e9utiliser, d\u00e9couvrir, \u00e9changer&#8230; Venez r\u00e9inventer les f\u00eates en famille !<\/p><p class=\"MsoListParagraphCxSpFirst\" style=\"text-indent: -18.0pt; mso-list: l0 level1 lfo1;\"><!-- [if !supportLists]--><span style=\"font-family: Symbol; mso-fareast-font-family: Symbol; mso-bidi-font-family: Symbol;\">\u00b7<span style=\"font-variant-numeric: normal; font-variant-east-asian: normal; font-variant-alternates: normal; font-size-adjust: none; font-kerning: auto; font-optical-sizing: auto; font-feature-settings: normal; font-variation-settings: normal; font-variant-position: normal; font-variant-emoji: normal; font-stretch: normal; font-size: 7pt; line-height: normal; font-family: 'Times New Roman';\"> \u00a0\u00a0\u00a0\u00a0 <\/span><\/span><span class=\"agcmg\"><strong>\u00c0 \u00e9changer en bon \u00e9tat\u00a0: j<\/strong><\/span><strong>eux &amp; jouets &#8211; d\u00e9co &#8211; mat\u00e9riel de cuisine<\/strong><br \/><span class=\"a_GcMg font-feature-liga-off font-feature-clig-off font-feature-calt-off text-decoration-none text-strikethrough-none\">Vous souhaitez donner quelque chose qui n\u2019est pas dans la liste ?\u00a0<\/span><span class=\"a_GcMg font-feature-liga-off font-feature-clig-off font-feature-calt-off text-decoration-none text-strikethrough-none\">Tournez vous vers ces <a href=\"https:\/\/docs.google.com\/spreadsheets\/d\/1K4qMSDn80TtYegyKBpD_fYT7ugDAuNOz4VailbWvYHU\/edit?gid=0#gid=0\">associations<\/a><\/span><\/p><p class=\"MsoListParagraphCxSpMiddle\" style=\"text-indent: -18.0pt; mso-list: l0 level1 lfo1;\"><!-- [if !supportLists]--><span class=\"agcmg\"><span style=\"font-family: Symbol; mso-fareast-font-family: Symbol; mso-bidi-font-family: Symbol; mso-bidi-font-weight: bold;\">\u00b7<span style=\"font-variant-numeric: normal; font-variant-east-asian: normal; font-variant-alternates: normal; font-size-adjust: none; font-kerning: auto; font-optical-sizing: auto; font-feature-settings: normal; font-variation-settings: normal; font-variant-position: normal; font-variant-emoji: normal; font-stretch: normal; font-size: 7pt; line-height: normal; font-family: 'Times New Roman';\"> \u00a0\u00a0\u00a0\u00a0 <\/span><\/span><\/span><span class=\"agcmg\"><strong>Deux ateliers cr\u00e9ation gratuits :<\/strong> d\u00e9corations de f\u00eates et cadeaux faits main<\/span><\/p><p class=\"MsoListParagraphCxSpLast\" style=\"text-indent: -18.0pt; mso-list: l0 level1 lfo1;\"><!-- [if !supportLists]--><span class=\"agcmg\"><span style=\"font-family: Symbol; mso-fareast-font-family: Symbol; mso-bidi-font-family: Symbol; mso-bidi-font-weight: bold;\">\u00b7<span style=\"font-variant-numeric: normal; font-variant-east-asian: normal; font-variant-alternates: normal; font-size-adjust: none; font-kerning: auto; font-optical-sizing: auto; font-feature-settings: normal; font-variation-settings: normal; font-variant-position: normal; font-variant-emoji: normal; font-stretch: normal; font-size: 7pt; line-height: normal; font-family: 'Times New Roman';\"> \u00a0\u00a0\u00a0\u00a0\u00a0<\/span><\/span><\/span><span class=\"agcmg\"><strong>Collecte solidaire<\/strong> au profit d\u2019<a href=\"https:\/\/alynea.org\/\">Alynea Samu social 69<\/a> : mat\u00e9riel de pu\u00e9riculture &#8211; produits d\u2019hygi\u00e8ne et cosm\u00e9tiques. <a href=\"https:\/\/www.mjcmontchat.org\/2122\/wp-content\/uploads\/2025\/11\/fiche-Alynea.pdf\">en savoir +<\/a><\/span><\/p>\t\t\t\t\t<\/div>\n\t\t\t\t\t\t<\/div>\n\t\t\t\t<\/div>\n\t\t\t\t<section class=\"elementor-section elementor-inner-section elementor-element elementor-element-c25321b elementor-section-boxed elementor-section-height-default elementor-section-height-default\" data-id=\"c25321b\" data-element_type=\"section\">\n\t\t\t\t\t\t<div class=\"elementor-container elementor-column-gap-default\">\n\t\t\t\t\t\t\t<div class=\"elementor-row\">\n\t\t\t\t\t<div class=\"elementor-column elementor-col-50 elementor-inner-column elementor-element elementor-element-003cd0e\" data-id=\"003cd0e\" data-element_type=\"column\">\n\t\t\t<div class=\"elementor-column-wrap elementor-element-populated\">\n\t\t\t\t\t\t\t<div class=\"elementor-widget-wrap\">\n\t\t\t\t\t\t<div class=\"elementor-element elementor-element-5605cba elementor-widget elementor-widget-text-editor\" data-id=\"5605cba\" data-element_type=\"widget\" data-widget_type=\"text-editor.default\">\n\t\t\t\t<div class=\"elementor-widget-container\">\n\t\t\t\t\t\t\t\t<div class=\"elementor-text-editor elementor-clearfix\">\n\t\t\t\t<p>La saison pass\u00e9e, nous avons propos\u00e9 plusieurs animations sur les th\u00e8mes de l\u2019\u00e9nergie et de l\u2019eau. La saison 2025-2026 sera ax\u00e9e sur 2 nouveaux th\u00e8mes :<\/p><p><strong>Consommer mieux<\/strong><br \/><strong>De septembre \u00e0 f\u00e9vrier.<\/strong> La consommation est au c\u0153ur de nos habitudes de vie et de notre impact \u00e9cologique, individuel et collectif. Nous chercherons les solutions pour la rendre plus vertueuse, pour notre sant\u00e9 personnelle et celle de notre plan\u00e8te.<\/p><p><strong>La biodiversit\u00e9<\/strong><br \/><strong>De mars \u00e0 juillet<\/strong>, nous proposerons, avec des partenaires associatifs, diverses fa\u00e7ons de (re)d\u00e9couvrir le vivant. Balades, ateliers et autres animations permettront \u00e0 tous\u00b7tes de mieux comprendre les enjeux essentiels de la faune et de la flore, d\u2019aujourd\u2019hui et de demain.<\/p>\t\t\t\t\t<\/div>\n\t\t\t\t\t\t<\/div>\n\t\t\t\t<\/div>\n\t\t\t\t\t\t<\/div>\n\t\t\t\t\t<\/div>\n\t\t<\/div>\n\t\t\t\t<div class=\"elementor-column elementor-col-50 elementor-inner-column elementor-element elementor-element-db6ff55\" data-id=\"db6ff55\" data-element_type=\"column\">\n\t\t\t<div class=\"elementor-column-wrap elementor-element-populated\">\n\t\t\t\t\t\t\t<div class=\"elementor-widget-wrap\">\n\t\t\t\t\t\t<div class=\"elementor-element elementor-element-ae9e7d8 elementor-widget elementor-widget-text-editor\" data-id=\"ae9e7d8\" data-element_type=\"widget\" data-widget_type=\"text-editor.default\">\n\t\t\t\t<div class=\"elementor-widget-container\">\n\t\t\t\t\t\t\t\t<div class=\"elementor-text-editor elementor-clearfix\">\n\t\t\t\t<p><strong>Le Groupe de travail \u00c9cologie<\/strong><br \/>Envie de mieux comprendre et discuter des enjeux \u00e9cologiques, de tester des alternatives de consommation (emprunt, seconde main, fait maison), de changer des habitudes (mobilit\u00e9, alimentation, \u00e9nergie, num\u00e9rique), de d\u00e9couvrir la beaut\u00e9 de la biodiversit\u00e9 et surtout d\u2019imaginer un monde plus \u00e9cologique et solidaire pour demain ?<br \/>Vous \u00eates bienvenu\u00b7e pour participer \u00e0 la r\u00e9flexion et aux propositions de cette saison.<br \/><em>Programme \u00e0 cr\u00e9er puis \u00e0 d\u00e9couvrir \u00e0 l\u2019accueil et \u00e0 L\u2019Entre-Deux<\/em><\/p><p><strong>Le jardin de la MJC : plantation et partage<\/strong><br \/>Cette saison, nous recherchons quelques jardinier\u00b7\u00e8res amateur\u00b7rice pour participer \u00e0 l\u2019entretien et au d\u00e9veloppement des plantations de la MJC : jardin des petits fruits, bacs des enfants, des aromates et des fleurs\u2026<br \/>\u00c9changer, tester et passer un bon moment \u00e0 l\u2019air, les mains dans la terre&#8230;<br \/><em>Int\u00e9ress\u00e9\u00b7e ? Contactez-nous \u00e0 ecologie@mjcmontchat.org<\/em><\/p>\t\t\t\t\t<\/div>\n\t\t\t\t\t\t<\/div>\n\t\t\t\t<\/div>\n\t\t\t\t\t\t<\/div>\n\t\t\t\t\t<\/div>\n\t\t<\/div>\n\t\t\t\t\t\t\t\t<\/div>\n\t\t\t\t\t<\/div>\n\t\t<\/section>\n\t\t\t\t\t\t<\/div>\n\t\t\t\t\t<\/div>\n\t\t<\/div>\n\t\t\t\t\t\t\t\t<\/div>\n\t\t\t\t\t<\/div>\n\t\t<\/section>\n\t\t\t\t\t\t\t\t\t<\/div>\n\t\t\t<\/div>\n\t\t\t\t\t<\/div>\n\t\t","protected":false},"excerpt":{"rendered":"<p>Une MJC \u00e9cologique et solidaire Suivant notre projet associatif, la MJC s\u2019engage pour :\u2022 Permettre l\u2019engagement de chacun\u00b7e, individuellement et collectivement, vers une transition \u00e9cologique et solidaire, pour construire ensemble un avenir durable \u2022 Tendre vers l\u2019exemplarit\u00e9 sociale et environnementale dans le fonctionnement de la MJC. Gratiferia \u00e9cologique et solidaireMercredi 10 d\u00e9cembre &#8211; De 10h [&hellip;]<\/p>\n","protected":false},"author":8,"featured_media":0,"parent":0,"menu_order":0,"comment_status":"closed","ping_status":"closed","template":"elementor_theme","meta":{"footnotes":""},"class_list":["post-5297","page","type-page","status-publish","hentry"],"acf":[],"_links":{"self":[{"href":"https:\/\/www.mjcmontchat.org\/2122\/wp-json\/wp\/v2\/pages\/5297","targetHints":{"allow":["GET"]}}],"collection":[{"href":"https:\/\/www.mjcmontchat.org\/2122\/wp-json\/wp\/v2\/pages"}],"about":[{"href":"https:\/\/www.mjcmontchat.org\/2122\/wp-json\/wp\/v2\/types\/page"}],"author":[{"embeddable":true,"href":"https:\/\/www.mjcmontchat.org\/2122\/wp-json\/wp\/v2\/users\/8"}],"replies":[{"embeddable":true,"href":"https:\/\/www.mjcmontchat.org\/2122\/wp-json\/wp\/v2\/comments?post=5297"}],"version-history":[{"count":22,"href":"https:\/\/www.mjcmontchat.org\/2122\/wp-json\/wp\/v2\/pages\/5297\/revisions"}],"predecessor-version":[{"id":5377,"href":"https:\/\/www.mjcmontchat.org\/2122\/wp-json\/wp\/v2\/pages\/5297\/revisions\/5377"}],"wp:attachment":[{"href":"https:\/\/www.mjcmontchat.org\/2122\/wp-json\/wp\/v2\/media?parent=5297"}],"curies":[{"name":"wp","href":"https:\/\/api.w.org\/{rel}","templated":true}]}}